{"id":6899,"date":"2024-09-25T17:12:23","date_gmt":"2024-09-25T17:12:23","guid":{"rendered":"https:\/\/expressvisioncare.com\/?page_id=6899"},"modified":"2024-09-25T17:56:48","modified_gmt":"2024-09-25T17:56:48","slug":"hollywood","status":"publish","type":"page","link":"https:\/\/expressvisioncare.com\/es\/hollywood\/","title":{"rendered":"OFTALM\u00d3LOGOS (OPTOMETRAS) EN HOLLYWOOD"},"content":{"rendered":"<div class=\"wpb-content-wrapper\"><div data-vc-full-width=\"true\" data-vc-full-width-init=\"false\" class=\"ts-row wpb_row vc_row-fluid ts-bgcolor-white ts-bgimage-position-center_center\">\r\n\r\n\t\r\n\t <div class=\"vc_row container\"> \r\n\t\t\r\n<div class=\"ts-column wpb_column vc_column_container vc_col-sm-12\">\r\n\t<div class=\"vc_column-inner\">\r\n\t\t\t\t<div class=\"wpb_wrapper\">\r\n\t\t\t<div class=\"ts-element-heading-wrapper ts-heading-inner ts-element-align-left ts-seperator-none\"><section class=\"ts-vc_cta3-container\"><div class=\"ts-vc_general ts-vc_cta3 ts-cta3-only ts-vc_cta3-style-classic ts-vc_cta3-shape-rounded ts-vc_cta3-align-left ts-vc_cta3-color-transparent ts-vc_cta3-icon-size-md ts-vc_cta3-actions-no ts-cta3-with-desc\"><div class=\"ts-vc_cta3_content-container\"><div class=\"ts-vc_cta3-content\"><div class=\"ts-vc_cta3-content-header ts-wrap\"><div class=\"ts-vc_cta3-headers ts-wrap-cell\"><h4 class=\"ts-custom-heading\" >OFTALM\u00d3LOGOS DE HOLLYWOOD<\/h4>\n<h2 class=\"ts-custom-heading\" >OPT\u00d3METRAS Y \u00d3PTICOS EN HOLLYWOOD<\/h2>\n<\/div><\/div><div class=\"ts-cta3-content-wrapper\"><p>At <strong>Express Vision Care Hollywood<\/strong>Nuestro atento personal est\u00e1 disponible de lunes a s\u00e1bado. Nuestra sucursal de Hollywood cuenta con...<strong> Doctor en optometria<\/strong>\u00a0as\u00ed como una escala completa <strong>optical store<\/strong>Esto proporciona a nuestros clientes lo mejor. <strong>gafas graduadas<\/strong>, <strong>marcos de gafas<\/strong>, <strong>lentes de contacto<\/strong> . Adem\u00e1s, como cl\u00ednica oftalmol\u00f3gica integral, nuestros \u00f3pticos y optometristas est\u00e1n disponibles para responder a todas sus preguntas y hacer todo lo posible para garantizar su completa satisfacci\u00f3n.<\/p><\/div><\/div><\/div><\/div><\/section><\/div> <!-- .ts-element-heading-wrapper container --> \t\t<\/div>\r\n\t<\/div>\r\n<\/div>\r\n\r\n\r\n\t <\/div> <\/div>\r\n\r\n<div class=\"vc_row-full-width vc_clearfix\"><\/div>\r\n\r\n<div class=\"ts-row wpb_row vc_row-fluid vc_row container ts-bgimage-position-center_center\">\r\n\r\n\t\r\n\t\r\n\t\t\r\n<div class=\"ts-column wpb_column vc_column_container vc_col-sm-12\">\r\n\t<div class=\"vc_column-inner\">\r\n\t\t\t\t<div class=\"wpb_wrapper\">\r\n\t\t\t\t\t<\/div>\r\n\t<\/div>\r\n<\/div>\r\n\r\n\r\n\t<\/div>\r\n\r\n\r\n\r\n<div class=\"ts-row wpb_row vc_row-fluid vc_row container ts-bgimage-position-center_center\">\r\n\r\n\t\r\n\t\r\n\t\t\r\n<div class=\"ts-column wpb_column vc_column_container vc_col-sm-12\">\r\n\t<div class=\"vc_column-inner\">\r\n\t\t\t\t<div class=\"wpb_wrapper\">\r\n\t\t\t<div class=\"ts-element-heading-wrapper ts-heading-inner ts-element-align-left ts-seperator-none\"><section class=\"ts-vc_cta3-container\"><div class=\"ts-vc_general ts-vc_cta3 ts-cta3-only ts-vc_cta3-style-classic ts-vc_cta3-shape-rounded ts-vc_cta3-align-left ts-vc_cta3-color-transparent ts-vc_cta3-icon-size-md ts-vc_cta3-actions-no ts-cta3-with-desc\"><div class=\"ts-vc_cta3_content-container\"><div class=\"ts-vc_cta3-content\"><div class=\"ts-vc_cta3-content-header ts-wrap\"><div class=\"ts-vc_cta3-headers ts-wrap-cell\"><h2 class=\"ts-custom-heading\" >Acerca de Express Vision Care Hollywood<\/h2>\n<\/div><\/div><div class=\"ts-cta3-content-wrapper\"><p><strong>Express Vision Care<\/strong> Sirve con orgullo a Hollywood. Desde su adquisici\u00f3n en 2024, nuestra prioridad es tratar a cada paciente que entra por nuestras puertas como si fuera de la familia. A lo largo de los a\u00f1os, nos hemos esforzado por la satisfacci\u00f3n del cliente y las referencias. Nuestro principal objetivo es destacar en la atenci\u00f3n excepcional al paciente y en servicios personalizados, a la vez que brindamos un ambiente relajado y agradable. Entendemos...<strong>\u00a0La importancia de la vista<\/strong>\u00a0Estamos aqu\u00ed para satisfacer todas sus necesidades. Otras empresas ofrecen servicios similares, pero en nuestra oficina le garantizamos una satisfacci\u00f3n incomparable y el deseo de volver a visitarnos.\u00a0<strong>\u00f3pticos experimentados<\/strong>\u00a0Contamos con m\u00e1s de 25 a\u00f1os de experiencia y esperamos darle la bienvenida hoy mismo para ofrecerle el mejor servicio. Vis\u00edtenos o ll\u00e1menos para programar una cita.<\/p><\/div><\/div><\/div><\/div><\/section><\/div> <!-- .ts-element-heading-wrapper container --> \t\t<\/div>\r\n\t<\/div>\r\n<\/div>\r\n\r\n\r\n\t<\/div>\r\n\r\n\r\n\r\n<div class=\"ts-row wpb_row vc_row-fluid vc_row container ts-bgimage-position-center_center\">\r\n\r\n\t\r\n\t\r\n\t\t\r\n<div class=\"ts-column wpb_column vc_column_container vc_col-sm-12\">\r\n\t<div class=\"vc_column-inner\">\r\n\t\t\t\t<div class=\"wpb_wrapper\">\r\n\t\t\t\t\t<\/div>\r\n\t<\/div>\r\n<\/div>\r\n\r\n\r\n\t<\/div>\n<\/div>","protected":false},"excerpt":{"rendered":"HOLLYWOOD EYE DOCTORS OPTOMETRISTS & OPTICIANS IN HOLLYWOOD At Express Vision Care Hollywood, our attentive staff is available Monday through Saturday. Our Hollywood location has both on-site Doctor of Optometry\u00a0as well as a full-scale optical store. This supplies our customers with the finest prescription eye wear, eye glass frames, contact lenses and more. In addition, &hellip; <a href=\"https:\/\/expressvisioncare.com\/es\/hollywood\/\" class=\"more-link\">Continue reading <span class=\"screen-reader-text\">OFTALM\u00d3LOGOS (OPTOMETRAS) EN HOLLYWOOD<\/span><\/a>","protected":false},"author":3,"featured_media":0,"parent":0,"menu_order":0,"comment_status":"closed","ping_status":"closed","template":"","meta":{"footnotes":""},"class_list":["post-6899","page","type-page","status-publish","hentry"],"yoast_head":"<!-- This site is optimized with the Yoast SEO plugin v27.1.1 - https:\/\/yoast.com\/product\/yoast-seo-wordpress\/ -->\n<title>EYE DOCTORS (OPTOMETRISTS) IN HOLLYWOOD - Express Vision Care<\/title>\n<meta name=\"robots\" content=\"index, follow, max-snippet:-1, max-image-preview:large, max-video-preview:-1\" \/>\n<link rel=\"canonical\" href=\"https:\/\/expressvisioncare.com\/es\/hollywood\/\" \/>\n<meta property=\"og:locale\" content=\"es_ES\" \/>\n<meta property=\"og:type\" content=\"article\" \/>\n<meta property=\"og:title\" content=\"EYE DOCTORS (OPTOMETRISTS) IN HOLLYWOOD - Express Vision Care\" \/>\n<meta property=\"og:url\" content=\"https:\/\/expressvisioncare.com\/es\/hollywood\/\" \/>\n<meta property=\"og:site_name\" content=\"Express Vision Care\" \/>\n<meta property=\"article:modified_time\" content=\"2024-09-25T17:56:48+00:00\" \/>\n<meta name=\"twitter:card\" content=\"summary_large_image\" \/>\n<meta name=\"twitter:label1\" content=\"Tiempo de lectura\" \/>\n\t<meta name=\"twitter:data1\" content=\"1 minuto\" \/>\n<script type=\"application\/ld+json\" class=\"yoast-schema-graph\">{\"@context\":\"https:\/\/schema.org\",\"@graph\":[{\"@type\":\"WebPage\",\"@id\":\"https:\/\/expressvisioncare.com\/hollywood\/\",\"url\":\"https:\/\/expressvisioncare.com\/hollywood\/\",\"name\":\"EYE DOCTORS (OPTOMETRISTS) IN HOLLYWOOD - Express Vision Care\",\"isPartOf\":{\"@id\":\"https:\/\/expressvisioncare.com\/#website\"},\"datePublished\":\"2024-09-25T17:12:23+00:00\",\"dateModified\":\"2024-09-25T17:56:48+00:00\",\"breadcrumb\":{\"@id\":\"https:\/\/expressvisioncare.com\/hollywood\/#breadcrumb\"},\"inLanguage\":\"es\",\"potentialAction\":[{\"@type\":\"ReadAction\",\"target\":[\"https:\/\/expressvisioncare.com\/hollywood\/\"]}]},{\"@type\":\"BreadcrumbList\",\"@id\":\"https:\/\/expressvisioncare.com\/hollywood\/#breadcrumb\",\"itemListElement\":[{\"@type\":\"ListItem\",\"position\":1,\"name\":\"Home\",\"item\":\"https:\/\/expressvisioncare.com\/\"},{\"@type\":\"ListItem\",\"position\":2,\"name\":\"EYE DOCTORS (OPTOMETRISTS) IN HOLLYWOOD\"}]},{\"@type\":\"WebSite\",\"@id\":\"https:\/\/expressvisioncare.com\/#website\",\"url\":\"https:\/\/expressvisioncare.com\/\",\"name\":\"Express Vision Care\",\"description\":\"Optometrists &amp; Optical Care Miami\",\"publisher\":{\"@id\":\"https:\/\/expressvisioncare.com\/#organization\"},\"potentialAction\":[{\"@type\":\"SearchAction\",\"target\":{\"@type\":\"EntryPoint\",\"urlTemplate\":\"https:\/\/expressvisioncare.com\/?s={search_term_string}\"},\"query-input\":{\"@type\":\"PropertyValueSpecification\",\"valueRequired\":true,\"valueName\":\"search_term_string\"}}],\"inLanguage\":\"es\"},{\"@type\":\"Organization\",\"@id\":\"https:\/\/expressvisioncare.com\/#organization\",\"name\":\"Express Vision Care\",\"url\":\"https:\/\/expressvisioncare.com\/\",\"logo\":{\"@type\":\"ImageObject\",\"inLanguage\":\"es\",\"@id\":\"https:\/\/expressvisioncare.com\/#\/schema\/logo\/image\/\",\"url\":\"https:\/\/expressvisioncare.com\/wp-content\/uploads\/2023\/02\/evc-3d-logo-tm-1.webp\",\"contentUrl\":\"https:\/\/expressvisioncare.com\/wp-content\/uploads\/2023\/02\/evc-3d-logo-tm-1.webp\",\"width\":1200,\"height\":498,\"caption\":\"Express Vision Care\"},\"image\":{\"@id\":\"https:\/\/expressvisioncare.com\/#\/schema\/logo\/image\/\"}}]}<\/script>\n<!-- \/ Yoast SEO plugin. -->","yoast_head_json":{"title":"EYE DOCTORS (OPTOMETRISTS) IN HOLLYWOOD - Express Vision Care","robots":{"index":"index","follow":"follow","max-snippet":"max-snippet:-1","max-image-preview":"max-image-preview:large","max-video-preview":"max-video-preview:-1"},"canonical":"https:\/\/expressvisioncare.com\/es\/hollywood\/","og_locale":"es_ES","og_type":"article","og_title":"EYE DOCTORS (OPTOMETRISTS) IN HOLLYWOOD - Express Vision Care","og_url":"https:\/\/expressvisioncare.com\/es\/hollywood\/","og_site_name":"Express Vision Care","article_modified_time":"2024-09-25T17:56:48+00:00","twitter_card":"summary_large_image","twitter_misc":{"Tiempo de lectura":"1 minuto"},"schema":{"@context":"https:\/\/schema.org","@graph":[{"@type":"WebPage","@id":"https:\/\/expressvisioncare.com\/hollywood\/","url":"https:\/\/expressvisioncare.com\/hollywood\/","name":"EYE DOCTORS (OPTOMETRISTS) IN HOLLYWOOD - Express Vision Care","isPartOf":{"@id":"https:\/\/expressvisioncare.com\/#website"},"datePublished":"2024-09-25T17:12:23+00:00","dateModified":"2024-09-25T17:56:48+00:00","breadcrumb":{"@id":"https:\/\/expressvisioncare.com\/hollywood\/#breadcrumb"},"inLanguage":"es","potentialAction":[{"@type":"ReadAction","target":["https:\/\/expressvisioncare.com\/hollywood\/"]}]},{"@type":"BreadcrumbList","@id":"https:\/\/expressvisioncare.com\/hollywood\/#breadcrumb","itemListElement":[{"@type":"ListItem","position":1,"name":"Home","item":"https:\/\/expressvisioncare.com\/"},{"@type":"ListItem","position":2,"name":"EYE DOCTORS (OPTOMETRISTS) IN HOLLYWOOD"}]},{"@type":"WebSite","@id":"https:\/\/expressvisioncare.com\/#website","url":"https:\/\/expressvisioncare.com\/","name":"Express Vision Care","description":"Optometrists &amp; Optical Care Miami","publisher":{"@id":"https:\/\/expressvisioncare.com\/#organization"},"potentialAction":[{"@type":"SearchAction","target":{"@type":"EntryPoint","urlTemplate":"https:\/\/expressvisioncare.com\/?s={search_term_string}"},"query-input":{"@type":"PropertyValueSpecification","valueRequired":true,"valueName":"search_term_string"}}],"inLanguage":"es"},{"@type":"Organization","@id":"https:\/\/expressvisioncare.com\/#organization","name":"Express Vision Care","url":"https:\/\/expressvisioncare.com\/","logo":{"@type":"ImageObject","inLanguage":"es","@id":"https:\/\/expressvisioncare.com\/#\/schema\/logo\/image\/","url":"https:\/\/expressvisioncare.com\/wp-content\/uploads\/2023\/02\/evc-3d-logo-tm-1.webp","contentUrl":"https:\/\/expressvisioncare.com\/wp-content\/uploads\/2023\/02\/evc-3d-logo-tm-1.webp","width":1200,"height":498,"caption":"Express Vision Care"},"image":{"@id":"https:\/\/expressvisioncare.com\/#\/schema\/logo\/image\/"}}]}},"_links":{"self":[{"href":"https:\/\/expressvisioncare.com\/es\/wp-json\/wp\/v2\/pages\/6899","targetHints":{"allow":["GET"]}}],"collection":[{"href":"https:\/\/expressvisioncare.com\/es\/wp-json\/wp\/v2\/pages"}],"about":[{"href":"https:\/\/expressvisioncare.com\/es\/wp-json\/wp\/v2\/types\/page"}],"author":[{"embeddable":true,"href":"https:\/\/expressvisioncare.com\/es\/wp-json\/wp\/v2\/users\/3"}],"replies":[{"embeddable":true,"href":"https:\/\/expressvisioncare.com\/es\/wp-json\/wp\/v2\/comments?post=6899"}],"version-history":[{"count":5,"href":"https:\/\/expressvisioncare.com\/es\/wp-json\/wp\/v2\/pages\/6899\/revisions"}],"predecessor-version":[{"id":6908,"href":"https:\/\/expressvisioncare.com\/es\/wp-json\/wp\/v2\/pages\/6899\/revisions\/6908"}],"wp:attachment":[{"href":"https:\/\/expressvisioncare.com\/es\/wp-json\/wp\/v2\/media?parent=6899"}],"curies":[{"name":"wp","href":"https:\/\/api.w.org\/{rel}","templated":true}]}}