{"id":7113,"date":"2025-04-11T17:51:46","date_gmt":"2025-04-11T17:51:46","guid":{"rendered":"https:\/\/expressvisioncare.com\/?page_id=7113"},"modified":"2026-01-15T17:00:33","modified_gmt":"2026-01-15T17:00:33","slug":"home-express-vision-care-miami-2","status":"publish","type":"page","link":"https:\/\/expressvisioncare.com\/es\/","title":{"rendered":"HOME | EXPRESS VISION CARE 2"},"content":{"rendered":"<div class=\"wpb-content-wrapper\"><div class=\"ts-row wpb_row vc_row-fluid vc_custom_1675164601680 ts-responsive-custom-97057997 vc_row container ts-bgimage-position-center_center\">\r\n\r\n\t\r\n\t\r\n\t\t\r\n<div class=\"ts-column wpb_column vc_column_container vc_col-sm-12\">\r\n\t<div class=\"vc_column-inner\">\r\n\t\t\t\t<div class=\"wpb_wrapper\">\r\n\t\t\t\t\t<\/div>\r\n\t<\/div>\r\n<\/div>\r\n\r\n\r\n\t<\/div>\r\n\r\n\r\n\r\n<div class=\"ts-row wpb_row vc_row-fluid ts-responsive-custom-11491988 vc_row container ts-bgimage-position-center_center\">\r\n\r\n\t\r\n\t\r\n\t\t\r\n<div class=\"ts-column wpb_column vc_column_container vc_col-sm-12\">\r\n\t<div class=\"vc_column-inner vc_custom_1618828136843 ts-responsive-custom-15677251\">\r\n\t\t\t\t<div class=\"wpb_wrapper\">\r\n\t\t\t\n<div class=\"wpcf7 no-js\" id=\"wpcf7-f6830-o1\" lang=\"en-US\" dir=\"ltr\" data-wpcf7-id=\"6830\">\n<div class=\"screen-reader-response\"><p role=\"status\" aria-live=\"polite\" aria-atomic=\"true\"><\/p> <ul><\/ul><\/div>\n<form action=\"\/es\/wp-json\/wp\/v2\/pages\/7113#wpcf7-f6830-o1\" method=\"post\" class=\"wpcf7-form init\" aria-label=\"Contact form\" novalidate=\"novalidate\" data-status=\"init\" data-trp-original-action=\"\/es\/wp-json\/wp\/v2\/pages\/7113#wpcf7-f6830-o1\">\n<fieldset class=\"hidden-fields-container\"><input type=\"hidden\" name=\"_wpcf7\" value=\"6830\" \/><input type=\"hidden\" name=\"_wpcf7_version\" value=\"6.1.5\" \/><input type=\"hidden\" name=\"_wpcf7_locale\" value=\"en_US\" \/><input type=\"hidden\" name=\"_wpcf7_unit_tag\" value=\"wpcf7-f6830-o1\" \/><input type=\"hidden\" name=\"_wpcf7_container_post\" value=\"0\" \/><input type=\"hidden\" name=\"_wpcf7_posted_data_hash\" value=\"\" \/><input type=\"hidden\" name=\"_wpcf7_recaptcha_response\" value=\"\" \/>\n<\/fieldset>\n<p><label> Su nombre<br \/>\n<span class=\"wpcf7-form-control-wrap\" data-name=\"your-name\"><input size=\"40\" maxlength=\"400\" class=\"wpcf7-form-control wpcf7-text wpcf7-validates-as-required\" autocomplete=\"name\" aria-required=\"true\" aria-invalid=\"false\" value=\"\" type=\"text\" name=\"your-name\" \/><\/span> <\/label>\n<\/p>\n<p><label> Tu n\u00famero de tel\u00e9fono<br \/>\n<span class=\"wpcf7-form-control-wrap\" data-name=\"tel-605\"><input size=\"40\" maxlength=\"400\" class=\"wpcf7-form-control wpcf7-tel wpcf7-validates-as-required wpcf7-text wpcf7-validates-as-tel\" aria-required=\"true\" aria-invalid=\"false\" value=\"\" type=\"tel\" name=\"tel-605\" \/><\/span> <\/label>\n<\/p>\n<p><label> Sujeto<br \/>\n<span class=\"wpcf7-form-control-wrap\" data-name=\"your-subject\"><input size=\"40\" maxlength=\"400\" class=\"wpcf7-form-control wpcf7-text wpcf7-validates-as-required\" aria-required=\"true\" aria-invalid=\"false\" value=\"\" type=\"text\" name=\"your-subject\" \/><\/span> <\/label>\n<\/p>\n<p><input class=\"wpcf7-form-control wpcf7-submit has-spinner\" type=\"submit\" value=\"MAKE AN APPOINTMENT\" \/>\n<\/p><div class=\"wpcf7-response-output\" aria-hidden=\"true\"><\/div>\n<input type=\"hidden\" name=\"trp-form-language\" value=\"es\"\/><\/form>\n<\/div>\n<h2 style=\"text-align:left;font-size:20px;line-height:30px;\" class=\"ts-custom-heading vc_custom_1724084550802\" >Lo llamaremos lo antes posible !!!<\/h2>\n\r\n<div class=\"ts-row-inner vc_row wpb_row vc_inner vc_row-fluid hm-mn\">\r\n\t\r\n<div class=\"ts-column-inner wpb_column vc_column_container vc_col-sm-6\">\r\n\t<div class=\"vc_column-inner vc_custom_1617687584960\">\r\n\t\t \r\n\t\t<div class=\"wpb_wrapper\">\r\n\t\t\t<div class=\"ts-element-heading-wrapper ts-heading-inner ts-element-align-left ts-seperator-none\"><section class=\"ts-vc_cta3-container\"><div class=\"ts-vc_general ts-vc_cta3 ts-cta3-only ts-vc_cta3-style-classic ts-vc_cta3-shape-rounded ts-vc_cta3-align-left ts-vc_cta3-color-transparent ts-vc_cta3-icon-size-md ts-vc_cta3-actions-no ts-cta3-without-desc\"><div class=\"ts-vc_cta3_content-container\"><div class=\"ts-vc_cta3-content\"><div class=\"ts-vc_cta3-content-header ts-wrap\"><div class=\"ts-vc_cta3-headers ts-wrap-cell\"><h4 class=\"ts-custom-heading\" >5 LOCATIONS IN -MIAMI, -HIALEAH, -MIAMI LAKES, -COOPER CITY AND -HOLLYWOOD FOR YOUR CONVENIENCE<\/h4>\n<h1 class=\"ts-custom-heading ts-fontweightbold\" >Optometristas l\u00edderes &amp; expertos en cuidado \u00f3ptico <strong>Optical Care Experts <\/strong><\/h1>\n<\/div><\/div><\/div><\/div><\/div><\/section><\/div> <!-- .ts-element-heading-wrapper container --> \n\t<div class=\"wpb_text_column wpb_content_element\" >\n\t\t<div class=\"wpb_wrapper\">\n\t\t\t<p class=\"translation-block\">\u00a1Bienvenido a Express Vision Care! Nos complace brindarle el mejor servicio al cliente y atenci\u00f3n al paciente en optometr\u00eda. Con 5 sucursales, Express Vision Care cuenta con optometristas en sus instalaciones, as\u00ed como con una \u00f3ptica completa para sus necesidades visuales. Ya sea que necesite lentes, monturas o lentes de contacto nuevos, estamos aqu\u00ed para atenderle en nuestro exclusivo entorno profesional. Cont\u00e1ctenos hoy mismo para programar su cita de cuidado visual.<\/p>\n\n\t\t<\/div>\n\t<\/div>\n\t\t<\/div>\r\n\t<\/div>\r\n<\/div>\r\n\r\n\r\n<div class=\"ts-column-inner wpb_column vc_column_container vc_col-sm-6\">\r\n\t<div class=\"vc_column-inner vc_custom_1658122793831 ts-responsive-custom-37828729\">\r\n\t\t \r\n\t\t<div class=\"wpb_wrapper\">\r\n\t\t\t\n\t<div  class=\"wpb_single_image wpb_content_element vc_align_left wpb_content_element  ts-effect-img ts-border-radius-img\">\n\t\t\n\t\t<figure class=\"wpb_wrapper vc_figure\">\n\t\t\t<div class=\"vc_single_image-wrapper   vc_box_border_grey\"><img fetchpriority=\"high\" decoding=\"async\" class=\"vc_single_image-img\" src=\"https:\/\/expressvisioncare.com\/wp-content\/uploads\/2023\/02\/Optical-Care-Specialists-about-us1-450x415.jpg\" width=\"450\" height=\"415\" alt=\"Optical Care Specialists (about us1)\" title=\"Optical Care Specialists (about us1)\" \/><\/div>\n\t\t<\/figure>\n\t<\/div>\n<div class=\"ts-vc_icon_element ts-vc_icon_element-outer ts-vc_icon_element-align-center  ts-vc_icon_element-have-style ts-center-icon\"><div class=\"ts-vc_icon_element-inner  ts-vc_icon_element-have-style-inner ts-vc_icon_element-color-skincolor ts-vc_icon_element-size-lg ts-vc_icon_element-style-rounded ts-vc_icon_element-background ts-vc_icon_element-background-color-white\" ><span class=\"ts-vc_icon_element-icon tsoptmicon flaticon-optometrist-3\" ><\/span><\/div><\/div>\n\t<div  class=\"wpb_single_image wpb_content_element vc_align_left wpb_content_element  ts-abs-img ts-border-radius-img\">\n\t\t\n\t\t<figure class=\"wpb_wrapper vc_figure\">\n\t\t\t<div class=\"vc_single_image-wrapper   vc_box_border_grey\"><img decoding=\"async\" class=\"vc_single_image-img lazyload\" data-src=\"https:\/\/expressvisioncare.com\/wp-content\/uploads\/2023\/02\/Optical-Care-Specialists-about-us-360x275.jpeg\" width=\"360\" height=\"275\" alt=\"Optical Care Specialists (about us)\" title=\"Optical Care Specialists (about us)\" src=\"data:image\/svg+xml;base64,PHN2ZyB3aWR0aD0iMSIgaGVpZ2h0PSIxIiB4bWxucz0iaHR0cDovL3d3dy53My5vcmcvMjAwMC9zdmciPjwvc3ZnPg==\" style=\"--smush-placeholder-width: 360px; --smush-placeholder-aspect-ratio: 360\/275;\" \/><\/div>\n\t\t<\/figure>\n\t<\/div>\n\t\t<\/div>\r\n\t<\/div>\r\n<\/div>\r\n\r\n<\/div>\r\n\r\n\t\t<\/div>\r\n\t<\/div>\r\n<\/div>\r\n\r\n\r\n\t<\/div>\r\n\r\n\r\n\r\n<div class=\"ts-row wpb_row vc_row-fluid vc_row container ts-bgimage-position-center_center\">\r\n\r\n\t\r\n\t\r\n\t\t\r\n<div class=\"ts-column wpb_column vc_column_container vc_col-sm-12\">\r\n\t<div class=\"vc_column-inner\">\r\n\t\t\t\t<div class=\"wpb_wrapper\">\r\n\t\t\t<div class=\"ts-element-heading-wrapper ts-heading-inner ts-element-align-center ts-seperator-none\"><section class=\"ts-vc_cta3-container\"><div class=\"ts-vc_general ts-vc_cta3 ts-cta3-only ts-vc_cta3-style-classic ts-vc_cta3-shape-rounded ts-vc_cta3-align-center ts-vc_cta3-color-transparent ts-vc_cta3-icon-size-md ts-vc_cta3-actions-no ts-cta3-with-desc\"><div class=\"ts-vc_cta3_content-container\"><div class=\"ts-vc_cta3-content\"><div class=\"ts-vc_cta3-content-header ts-wrap\"><div class=\"ts-vc_cta3-headers ts-wrap-cell\"><h4 class=\"ts-custom-heading\" >MIAMI'S FINEST OPTOMETRISTS & OPTICAL STORE<\/h4>\n<h2 class=\"ts-custom-heading\" ><strong>L\u00cdDER EN<\/strong> CUIDADO DE LOS OJOS<\/h2>\n<\/div><\/div><div class=\"ts-cta3-content-wrapper\"><p><strong>Con 5 ubicaciones en North Miami, East Hialeah, West Hialeah, Cooper City and Hollywood, Express Vision Care, le ofrece a usted y a su familia lo mejor en cuidado \u00f3ptico.<\/strong><\/p><\/div><\/div><\/div><\/div><\/section><\/div> <!-- .ts-element-heading-wrapper container --> \t\t<\/div>\r\n\t<\/div>\r\n<\/div>\r\n\r\n\r\n\t<\/div>\r\n\r\n\r\n\r\n<div data-vc-full-width=\"true\" data-vc-full-width-init=\"false\" class=\"ts-row wpb_row vc_row-fluid vc_custom_1617603152718 ts-bgcolor-darkgrey ts-bgimage-position-center_center\">\r\n\r\n\t\r\n\t <div class=\"vc_row container vc_row-o-equal-height vc_row-flex\"> \r\n\t\t\r\n<div class=\"ts-column wpb_column vc_column_container vc_col-sm-6\">\r\n\t<div class=\"vc_column-inner vc_custom_1618828310539 ts-responsive-custom-97329004 ts-textcolor-white\">\r\n\t\t\t\t<div class=\"wpb_wrapper\">\r\n\t\t\t<div class=\"ts-element-heading-wrapper ts-heading-inner ts-element-align-left ts-seperator-none  ts-fontweightbold\"><section class=\"ts-vc_cta3-container ts-fontweightbold\"><div class=\"ts-vc_general ts-vc_cta3 ts-cta3-only ts-vc_cta3-style-classic ts-vc_cta3-shape-rounded ts-vc_cta3-align-left ts-vc_cta3-color-transparent ts-vc_cta3-icon-size-md ts-vc_cta3-actions-no ts-cta3-with-desc\"><div class=\"ts-vc_cta3_content-container\"><div class=\"ts-vc_cta3-content\"><div class=\"ts-vc_cta3-content-header ts-wrap\"><div class=\"ts-vc_cta3-headers ts-wrap-cell\"><h2 class=\"ts-custom-heading ts-fontweightbold\" ><strong>Your clear choice for Eye Care in Miami, Hialeah, North Miami Beach, Cooper City and Hollywood<\/strong><\/h2>\n<\/div><\/div><div class=\"ts-cta3-content-wrapper\"><p><strong>Welcome to Express Vision Care!<\/strong><\/p>\n<p><strong>Entendemos la importancia de su vista y estamos aqu\u00ed para satisfacer todas sus necesidades.<\/strong><\/p>\n<p><strong>Otras \u00f3pticas ofrecen servicios similares, pero en nuestra cl\u00ednica garantizamos una satisfacci\u00f3n inigualable. \u00a1Consulta las rese\u00f1as de Google! \u00a1La mayor\u00eda de nuestros pacientes y clientes son pacientes de por vida!<\/strong><\/p>\n<p><strong>Our experienced optometrists have over 40 years of valuable experience to offer and are waiting to welcome you. We offer the best quality optical service and consultancy. Come visit us or book an appointment today!<\/strong><\/p><\/div><\/div><\/div><\/div><\/section><\/div> <!-- .ts-element-heading-wrapper container --> <div class=\"vc_separator wpb_content_element vc_separator_align_center vc_sep_width_90 vc_sep_pos_align_center vc_separator_no_text wpb_content_element  wpb_content_element\" ><span class=\"vc_sep_holder vc_sep_holder_l\"><span style=\"border-color:rgb(255,255,255);border-color:rgba(255,255,255,0.2);\" class=\"vc_sep_line\"><\/span><\/span><span class=\"vc_sep_holder vc_sep_holder_r\"><span style=\"border-color:rgb(255,255,255);border-color:rgba(255,255,255,0.2);\" class=\"vc_sep_line\"><\/span><\/span>\n<\/div>\r\n<div class=\"ts-row-inner vc_row wpb_row vc_inner vc_row-fluid vc_custom_1617687925679 ts-responsive-custom-97014914\">\r\n\t\r\n<div class=\"ts-column-inner wpb_column vc_column_container vc_col-sm-6\">\r\n\t<div class=\"vc_column-inner\">\r\n\t\t \r\n\t\t<div class=\"wpb_wrapper\">\r\n\t\t\t\n\t<div  class=\"wpb_single_image wpb_content_element vc_align_left wpb_content_element vc_custom_1663429577772  ts-reviewimg-radius\">\n\t\t\n\t\t<figure class=\"wpb_wrapper vc_figure\">\n\t\t\t<div class=\"vc_single_image-wrapper   vc_box_border_grey\"><img decoding=\"async\" width=\"150\" height=\"150\" data-src=\"https:\/\/expressvisioncare.com\/wp-content\/uploads\/2022\/09\/DR-keri-pollema-express-vision-care-miami.jpg\" class=\"vc_single_image-img attachment-full lazyload\" alt=\"Dr. Keri Pollemm OD\" title=\"DR-keri-pollema-express-vision-care-miami\" data-id=\"5952\" src=\"data:image\/svg+xml;base64,PHN2ZyB3aWR0aD0iMSIgaGVpZ2h0PSIxIiB4bWxucz0iaHR0cDovL3d3dy53My5vcmcvMjAwMC9zdmciPjwvc3ZnPg==\" style=\"--smush-placeholder-width: 150px; --smush-placeholder-aspect-ratio: 150\/150;\" \/><\/div>\n\t\t<\/figure>\n\t<\/div>\n\n\t<div  class=\"wpb_single_image wpb_content_element vc_align_left wpb_content_element vc_custom_1649065682636\">\n\t\t\n\t\t<figure class=\"wpb_wrapper vc_figure\">\n\t\t\t<div class=\"vc_single_image-wrapper   vc_box_border_grey\"><\/div>\n\t\t<\/figure>\n\t<\/div>\n<p style=\"text-align:left;font-size:15px;line-height:25px;color:#ffffff;font-family:'Montserrat Alternates',Arial,Helvetica;font-weight:700;\" class=\"ts-custom-heading vc_custom_1675224788474\" >Dr. Keri M. Pomella OD, PA<\/p>\n\t\t<\/div>\r\n\t<\/div>\r\n<\/div>\r\n\r\n\r\n<div class=\"ts-column-inner wpb_column vc_column_container vc_col-sm-6\">\r\n\t<div class=\"vc_column-inner vc_custom_1617687916375\">\r\n\t\t \r\n\t\t<div class=\"wpb_wrapper\">\r\n\t\t\t\t\t<\/div>\r\n\t<\/div>\r\n<\/div>\r\n\r\n<\/div>\r\n\r\n\t\t<\/div>\r\n\t<\/div>\r\n<\/div>\r\n\r\n\r\n<div class=\"ts-column ts-clipimg wpb_column vc_column_container vc_col-sm-6 vc_col-has-fill ts-span ts-right-span margin-15px-991-colum\">\r\n\t<div class=\"vc_column-inner vc_custom_1676548162611 ts-responsive-custom-49194487 ts-col-bgimage-yes\">\r\n\t\t<div class=\"ts-col-wrapper-bg-layer ts-bg-layer ts-bgimage-position-center_center\"><div class=\"ts-bg-layer-inner\"><\/div><\/div>\t\t<div class=\"wpb_wrapper\">\r\n\t\t\t\t\t<\/div>\r\n\t<\/div>\r\n<\/div>\r\n\r\n\r\n\t <\/div> <\/div>\r\n\r\n<div class=\"vc_row-full-width vc_clearfix\"><\/div>\n<\/div>","protected":false},"excerpt":{"rendered":"Your name Your Phone Number Subject We will call you as soon as possible!!! 5 LOCATIONS IN -MIAMI, -HIALEAH, -MIAMI LAKES, -COOPER CITY AND -HOLLYWOOD FOR YOUR CONVENIENCE Leading Optometrists &amp; Optical Care Experts Welcome to Express Vision Care! We are excited to provide you with the most excellent customer service and patient care in &hellip; <a href=\"https:\/\/expressvisioncare.com\/es\/\" class=\"more-link\">Continue reading <span class=\"screen-reader-text\">HOME | EXPRESS VISION CARE 2<\/span><\/a>","protected":false},"author":3,"featured_media":0,"parent":0,"menu_order":5,"comment_status":"closed","ping_status":"closed","template":"","meta":{"footnotes":""},"class_list":["post-7113","page","type-page","status-publish","hentry"],"yoast_head":"<!-- This site is optimized with the Yoast SEO plugin v27.1.1 - https:\/\/yoast.com\/product\/yoast-seo-wordpress\/ -->\n<title>Express Vision Care | Optometrist, Eye Doctor in Miami, FL<\/title>\n<meta name=\"description\" content=\"We are the #1 provider of eye care services in Miami. We have on-site optometrists to provide a detailed eye exam and a full-scale optical store. Visit now!\" \/>\n<meta name=\"robots\" content=\"index, follow, max-snippet:-1, max-image-preview:large, max-video-preview:-1\" \/>\n<link rel=\"canonical\" href=\"https:\/\/expressvisioncare.com\/es\/\" \/>\n<meta property=\"og:locale\" content=\"es_ES\" \/>\n<meta property=\"og:type\" content=\"article\" \/>\n<meta property=\"og:title\" content=\"Express Vision Care | Optometrist, Eye Doctor in Miami, FL\" \/>\n<meta property=\"og:description\" content=\"We are the #1 provider of eye care services in Miami. We have on-site optometrists to provide a detailed eye exam and a full-scale optical store. Visit now!\" \/>\n<meta property=\"og:url\" content=\"https:\/\/expressvisioncare.com\/es\/\" \/>\n<meta property=\"og:site_name\" content=\"Express Vision Care\" \/>\n<meta property=\"article:modified_time\" content=\"2026-01-15T17:00:33+00:00\" \/>\n<meta name=\"twitter:card\" content=\"summary_large_image\" \/>\n<meta name=\"twitter:label1\" content=\"Tiempo de lectura\" \/>\n\t<meta name=\"twitter:data1\" content=\"3 minutos\" \/>\n<script type=\"application\/ld+json\" class=\"yoast-schema-graph\">{\"@context\":\"https:\/\/schema.org\",\"@graph\":[{\"@type\":\"WebPage\",\"@id\":\"https:\/\/expressvisioncare.com\/\",\"url\":\"https:\/\/expressvisioncare.com\/\",\"name\":\"Express Vision Care | Optometrist, Eye Doctor in Miami, FL\",\"isPartOf\":{\"@id\":\"https:\/\/expressvisioncare.com\/#website\"},\"datePublished\":\"2025-04-11T17:51:46+00:00\",\"dateModified\":\"2026-01-15T17:00:33+00:00\",\"description\":\"We are the #1 provider of eye care services in Miami. We have on-site optometrists to provide a detailed eye exam and a full-scale optical store. Visit now!\",\"breadcrumb\":{\"@id\":\"https:\/\/expressvisioncare.com\/#breadcrumb\"},\"inLanguage\":\"es\",\"potentialAction\":[{\"@type\":\"ReadAction\",\"target\":[\"https:\/\/expressvisioncare.com\/\"]}]},{\"@type\":\"BreadcrumbList\",\"@id\":\"https:\/\/expressvisioncare.com\/#breadcrumb\",\"itemListElement\":[{\"@type\":\"ListItem\",\"position\":1,\"name\":\"Home\",\"item\":\"https:\/\/expressvisioncare.com\/\"},{\"@type\":\"ListItem\",\"position\":2,\"name\":\"HOME | EXPRESS VISION CARE 2\"}]},{\"@type\":\"WebSite\",\"@id\":\"https:\/\/expressvisioncare.com\/#website\",\"url\":\"https:\/\/expressvisioncare.com\/\",\"name\":\"Express Vision Care\",\"description\":\"Optometrists &amp; Optical Care Miami\",\"publisher\":{\"@id\":\"https:\/\/expressvisioncare.com\/#organization\"},\"potentialAction\":[{\"@type\":\"SearchAction\",\"target\":{\"@type\":\"EntryPoint\",\"urlTemplate\":\"https:\/\/expressvisioncare.com\/?s={search_term_string}\"},\"query-input\":{\"@type\":\"PropertyValueSpecification\",\"valueRequired\":true,\"valueName\":\"search_term_string\"}}],\"inLanguage\":\"es\"},{\"@type\":\"Organization\",\"@id\":\"https:\/\/expressvisioncare.com\/#organization\",\"name\":\"Express Vision Care\",\"url\":\"https:\/\/expressvisioncare.com\/\",\"logo\":{\"@type\":\"ImageObject\",\"inLanguage\":\"es\",\"@id\":\"https:\/\/expressvisioncare.com\/#\/schema\/logo\/image\/\",\"url\":\"https:\/\/expressvisioncare.com\/wp-content\/uploads\/2023\/02\/evc-3d-logo-tm-1.webp\",\"contentUrl\":\"https:\/\/expressvisioncare.com\/wp-content\/uploads\/2023\/02\/evc-3d-logo-tm-1.webp\",\"width\":1200,\"height\":498,\"caption\":\"Express Vision Care\"},\"image\":{\"@id\":\"https:\/\/expressvisioncare.com\/#\/schema\/logo\/image\/\"}}]}<\/script>\n<!-- \/ Yoast SEO plugin. -->","yoast_head_json":{"title":"Express Vision Care | Optometrist, Eye Doctor in Miami, FL","description":"We are the #1 provider of eye care services in Miami. We have on-site optometrists to provide a detailed eye exam and a full-scale optical store. Visit now!","robots":{"index":"index","follow":"follow","max-snippet":"max-snippet:-1","max-image-preview":"max-image-preview:large","max-video-preview":"max-video-preview:-1"},"canonical":"https:\/\/expressvisioncare.com\/es\/","og_locale":"es_ES","og_type":"article","og_title":"Express Vision Care | Optometrist, Eye Doctor in Miami, FL","og_description":"We are the #1 provider of eye care services in Miami. We have on-site optometrists to provide a detailed eye exam and a full-scale optical store. Visit now!","og_url":"https:\/\/expressvisioncare.com\/es\/","og_site_name":"Express Vision Care","article_modified_time":"2026-01-15T17:00:33+00:00","twitter_card":"summary_large_image","twitter_misc":{"Tiempo de lectura":"3 minutos"},"schema":{"@context":"https:\/\/schema.org","@graph":[{"@type":"WebPage","@id":"https:\/\/expressvisioncare.com\/","url":"https:\/\/expressvisioncare.com\/","name":"Express Vision Care | Optometrist, Eye Doctor in Miami, FL","isPartOf":{"@id":"https:\/\/expressvisioncare.com\/#website"},"datePublished":"2025-04-11T17:51:46+00:00","dateModified":"2026-01-15T17:00:33+00:00","description":"We are the #1 provider of eye care services in Miami. We have on-site optometrists to provide a detailed eye exam and a full-scale optical store. Visit now!","breadcrumb":{"@id":"https:\/\/expressvisioncare.com\/#breadcrumb"},"inLanguage":"es","potentialAction":[{"@type":"ReadAction","target":["https:\/\/expressvisioncare.com\/"]}]},{"@type":"BreadcrumbList","@id":"https:\/\/expressvisioncare.com\/#breadcrumb","itemListElement":[{"@type":"ListItem","position":1,"name":"Home","item":"https:\/\/expressvisioncare.com\/"},{"@type":"ListItem","position":2,"name":"HOME | EXPRESS VISION CARE 2"}]},{"@type":"WebSite","@id":"https:\/\/expressvisioncare.com\/#website","url":"https:\/\/expressvisioncare.com\/","name":"Express Vision Care","description":"Optometrists &amp; Optical Care Miami","publisher":{"@id":"https:\/\/expressvisioncare.com\/#organization"},"potentialAction":[{"@type":"SearchAction","target":{"@type":"EntryPoint","urlTemplate":"https:\/\/expressvisioncare.com\/?s={search_term_string}"},"query-input":{"@type":"PropertyValueSpecification","valueRequired":true,"valueName":"search_term_string"}}],"inLanguage":"es"},{"@type":"Organization","@id":"https:\/\/expressvisioncare.com\/#organization","name":"Express Vision Care","url":"https:\/\/expressvisioncare.com\/","logo":{"@type":"ImageObject","inLanguage":"es","@id":"https:\/\/expressvisioncare.com\/#\/schema\/logo\/image\/","url":"https:\/\/expressvisioncare.com\/wp-content\/uploads\/2023\/02\/evc-3d-logo-tm-1.webp","contentUrl":"https:\/\/expressvisioncare.com\/wp-content\/uploads\/2023\/02\/evc-3d-logo-tm-1.webp","width":1200,"height":498,"caption":"Express Vision Care"},"image":{"@id":"https:\/\/expressvisioncare.com\/#\/schema\/logo\/image\/"}}]}},"_links":{"self":[{"href":"https:\/\/expressvisioncare.com\/es\/wp-json\/wp\/v2\/pages\/7113","targetHints":{"allow":["GET"]}}],"collection":[{"href":"https:\/\/expressvisioncare.com\/es\/wp-json\/wp\/v2\/pages"}],"about":[{"href":"https:\/\/expressvisioncare.com\/es\/wp-json\/wp\/v2\/types\/page"}],"author":[{"embeddable":true,"href":"https:\/\/expressvisioncare.com\/es\/wp-json\/wp\/v2\/users\/3"}],"replies":[{"embeddable":true,"href":"https:\/\/expressvisioncare.com\/es\/wp-json\/wp\/v2\/comments?post=7113"}],"version-history":[{"count":14,"href":"https:\/\/expressvisioncare.com\/es\/wp-json\/wp\/v2\/pages\/7113\/revisions"}],"predecessor-version":[{"id":7269,"href":"https:\/\/expressvisioncare.com\/es\/wp-json\/wp\/v2\/pages\/7113\/revisions\/7269"}],"wp:attachment":[{"href":"https:\/\/expressvisioncare.com\/es\/wp-json\/wp\/v2\/media?parent=7113"}],"curies":[{"name":"wp","href":"https:\/\/api.w.org\/{rel}","templated":true}]}}